{"id":14187,"date":"2024-05-05T23:46:41","date_gmt":"2024-05-05T23:46:41","guid":{"rendered":"https:\/\/tendenciaevents.com\/politique-de-confidentialite-2\/"},"modified":"2024-08-19T13:42:10","modified_gmt":"2024-08-19T13:42:10","slug":"politique-de-confidentialite","status":"publish","type":"page","link":"https:\/\/tendenciaevents.com\/fr\/politique-de-confidentialite\/","title":{"rendered":"politique de confidentialit\u00e9"},"content":{"rendered":"\n<h2 class=\"wp-block-heading\">Introduction<\/h2>\n\n<p>Cette Politique de Confidentialit\u00e9 explique \u00e0 quoi s&rsquo;attendre lorsque Team Building Morocco, un partenaire de Catalyst, collecte des informations personnelles vous concernant en tant qu&rsquo;utilisateur sur ses sites web. Cette Politique de Confidentialit\u00e9 couvre le site web situ\u00e9 \u00e0 <a href=\"http:\/\/www.tendenciaevents.com\"><strong>www.tendenciaevents.com<\/strong><\/a> (notre \u00ab\u00a0Site Marketing\u00a0\u00bb) et la plateforme sur laquelle nous organisons nos activit\u00e9s de team building.<\/p>\n\n<h2 class=\"wp-block-heading\">Collecte d&rsquo;Informations<\/h2>\n\n<p>Nous collectons des informations vous concernant lorsque vous naviguez sur nos pages, compl\u00e9tez un formulaire ou participez \u00e0 une activit\u00e9 sur notre plateforme.<\/p>\n\n<p>Lorsque vous remplissez un formulaire sur notre site web, nous pouvons vous demander votre nom, adresse e-mail, num\u00e9ro de t\u00e9l\u00e9phone et d&rsquo;autres coordonn\u00e9es. Lorsque vous participez \u00e0 une activit\u00e9 sur notre plateforme, il peut vous \u00eatre demand\u00e9 de fournir des informations limit\u00e9es, y compris une adresse e-mail et des informations non identifiantes n\u00e9cessaires pour faciliter l&rsquo;activit\u00e9. Vous pouvez visiter notre Site Marketing anonymement. Cependant, lorsque vous remplissez un formulaire ou participez \u00e0 une activit\u00e9 sur notre plateforme, vous n&rsquo;\u00eates pas anonyme pour nous.<\/p>\n\n<p>Nous pouvons \u00e9galement recevoir et enregistrer automatiquement des informations sur nos journaux de serveur provenant de votre navigateur, y compris votre adresse IP et la page que vous avez demand\u00e9e.<\/p>\n\n<h2 class=\"wp-block-heading\">Utilisation de Vos Informations<\/h2>\n\n<p>Toutes les informations que nous collectons aupr\u00e8s de vous peuvent \u00eatre utilis\u00e9es pour l&rsquo;une des finalit\u00e9s suivantes :<\/p>\n\n<ul class=\"wp-block-list\">\n<li>Pour am\u00e9liorer nos offres en ligne : Nous nous effor\u00e7ons continuellement d&rsquo;am\u00e9liorer les offres de notre site web en fonction des informations et des retours que nous recevons de votre part.<\/li>\n\n\n\n<li>Pour am\u00e9liorer le service client : Vos informations nous aident \u00e0 r\u00e9pondre plus efficacement \u00e0 vos demandes de service client et \u00e0 vos besoins de support.<\/li>\n\n\n\n<li>Pour organiser des activit\u00e9s : Nous utiliserons les informations que vous fournissez pour organiser les activit\u00e9s auxquelles vous et d&rsquo;autres participez. Vos informations, qu&rsquo;elles soient publiques ou priv\u00e9es, ne seront ni vendues, ni \u00e9chang\u00e9es, ni transf\u00e9r\u00e9es, ni communiqu\u00e9es \u00e0 une autre entreprise que Team Building Morocco pour quelque raison que ce soit, sans votre consentement, sauf pour le but express de compl\u00e9ter une activit\u00e9 \u00e0 laquelle vous participez ou d&rsquo;achever une transaction que vous avez initi\u00e9e.<\/li>\n<\/ul>\n\n<h2 class=\"wp-block-heading\">S\u00e9curit\u00e9 des Informations<\/h2>\n\n<p>Nous mettons en place des mesures de s\u00e9curit\u00e9 adapt\u00e9es \u00e0 la sensibilit\u00e9 des donn\u00e9es que nous collectons. Les mots de passe sont crypt\u00e9s lors de leur stockage et de leur transmission. D&rsquo;autres informations peuvent \u00eatre stock\u00e9es en texte clair. Nous n&rsquo;acceptons pas d&rsquo;informations sensibles telles que les num\u00e9ros de carte de cr\u00e9dit, les num\u00e9ros de s\u00e9curit\u00e9 sociale ou d&rsquo;identification fiscale, ou d&rsquo;autres informations personnelles non publiques sur le site de marketing ou notre plateforme. Nous acceptons les cartes de cr\u00e9dit dans notre portail client. Elles ne sont pas stock\u00e9es localement mais sont crypt\u00e9es et transmises via des passerelles de paiement s\u00e9curis\u00e9es.<\/p>\n\n<h2 class=\"wp-block-heading\">Cookies<\/h2>\n\n<p>Nous utilisons des cookies sur notre site de marketing et notre plateforme. Les cookies sont de petits fichiers qu&rsquo;un site ou son prestataire de services transf\u00e8re sur le disque dur de votre ordinateur via votre navigateur web (si vous l&rsquo;autorisez), permettant au site de reconna\u00eetre votre navigateur et de capturer et se souvenir de certaines informations.<\/p>\n\n<p>Nous utilisons des cookies pour nous aider \u00e0 suivre les informations que vous soumettez dans les formulaires, \u00e0 identifier et suivre vos progr\u00e8s dans les activit\u00e9s, \u00e0 comprendre et enregistrer vos pr\u00e9f\u00e9rences pour les visites futures, et \u00e0 compiler des donn\u00e9es agr\u00e9g\u00e9es sur le trafic du site et les interactions avec le site afin de pouvoir offrir de meilleures exp\u00e9riences et outils \u00e0 l&rsquo;avenir. Nous pouvons faire appel \u00e0 des prestataires de services tiers pour nous aider \u00e0 mieux comprendre nos visiteurs du site. Ces prestataires de services ne sont pas autoris\u00e9s \u00e0 utiliser les informations recueillies en notre nom, sauf pour nous aider \u00e0 mener et am\u00e9liorer notre activit\u00e9.<\/p>\n\n<p>Les cookies tiers de Google Analytics sont utilis\u00e9s pour d\u00e9terminer quel site mesurer, distinguer les utilisateurs uniques, se souvenir du nombre et du moment des visites pr\u00e9c\u00e9dentes, et conserver les informations sur la source du trafic.<\/p>\n\n<h2 class=\"wp-block-heading\">Contr\u00f4ler et Bloquer les Cookies<\/h2>\n\n<p>Si vous souhaitez restreindre ou bloquer les cookies d\u00e9finis par Team Building Morocco, ou tout autre site web, vous pouvez le faire via les param\u00e8tres de votre navigateur. La fonction \u00ab Aide \u00bb de votre navigateur devrait vous indiquer comment proc\u00e9der.<\/p>\n\n<p>Alternatively, you may wish to visit <a href=\"http:\/\/www.allaboutcookies.org\"><strong>www.allaboutcookies.org<\/strong><\/a> which contains comprehensive information on how to do this on a wide variety of browsers. Vous y trouverez \u00e9galement des d\u00e9tails sur la fa\u00e7on de supprimer les cookies de votre ordinateur ainsi que des informations plus g\u00e9n\u00e9rales sur les cookies. Pour obtenir des informations sur la fa\u00e7on de proc\u00e9der sur le navigateur de votre t\u00e9l\u00e9phone mobile, vous devrez consulter le manuel de votre appareil.<\/p>\n\n<p>Veuillez noter que restreindre les cookies peut affecter la fonctionnalit\u00e9 du site de marketing et vous emp\u00eacher d&rsquo;utiliser efficacement notre plateforme pour participer aux activit\u00e9s. You may contact us without the use of cookies by phone at <strong><a href=\"tel:+212662478851\">+(212) 6 62 47 88 51<\/a> <\/strong>or by email at <a href=\"mailto:info@tendenciaevents.com\"><strong>info@tendenciaevents.com<\/strong><\/a>.<\/p>\n\n<h2 class=\"wp-block-heading\">Partage et Divulgation des Informations<\/h2>\n\n<p>Nous ne vendrons pas vos informations personnelles \u00e0 quiconque.<\/p>\n\n<p>Nous pouvons divulguer des informations personnelles vous concernant \u00e0 nos partenaires commerciaux et autres conseillers professionnels, \u00e0 nos employ\u00e9s et agents, \u00e0 nos fournisseurs et prestataires de biens et de services, ainsi qu&rsquo;aux autorit\u00e9s r\u00e9glementaires, et ce, comme l&rsquo;exige la loi ou la r\u00e9glementation.<\/p>\n\n<p>Vos informations personnelles peuvent \u00eatre transf\u00e9r\u00e9es aux personnes et organisations mentionn\u00e9es ci-dessus, situ\u00e9es dans des pays qui ne fournissent peut-\u00eatre pas une protection l\u00e9gale des informations \u00e9quivalente \u00e0 celle de la juridiction depuis laquelle vous visitez ce site. Les d\u00e9tails concernant les personnes, les organisations et les pays impliqu\u00e9s dans votre cas seront fournis sur demande.<\/p>\n\n<h2 class=\"wp-block-heading\">Acc\u00e8s \u00e0 Vos Informations<\/h2>\n\n<p>Vous avez le droit de demander une copie des informations que nous d\u00e9tenons sur vous. Vous pouvez faire une telle demande en nous envoyant un email ou en nous \u00e9crivant en utilisant les coordonn\u00e9es ci-dessous. Nous exigeons une preuve de votre identit\u00e9 sous la forme d&rsquo;une copie de votre passeport, de votre permis de conduire ou de votre acte de naissance. Une fois que nous aurons re\u00e7u une preuve de votre identit\u00e9, nous commencerons \u00e0 traiter votre demande d&rsquo;acc\u00e8s aux donn\u00e9es et vous r\u00e9pondrons dans un d\u00e9lai de 30 jours calendaires. Les agents agissant au nom d&rsquo;une personne doivent \u00e9galement nous fournir une lettre d&rsquo;autorisation sign\u00e9e par la personne concern\u00e9e, autorisant l&rsquo;agent \u00e0 recevoir des donn\u00e9es personnelles en son nom.<\/p>\n\n<h2 class=\"wp-block-heading\">Autres Informations Importantes<\/h2>\n\n<p>Cette politique a \u00e9t\u00e9 \u00e9labor\u00e9e en tenant compte du fait que les technologies Internet \u00e9voluent rapidement. Cette politique est susceptible d&rsquo;\u00eatre modifi\u00e9e, et toute modification sera publi\u00e9e sur cette page. Nous tenons \u00e0 vous informer que Team Building Morocco n&rsquo;est pas responsable du contenu ni des politiques de confidentialit\u00e9 des sites web vers lesquels il peut y avoir un lien.<\/p>\n\n<p>Nous ne conservons vos informations personnelles que pour la dur\u00e9e n\u00e9cessaire aux fins d\u00e9crites ci-dessus.<\/p>\n\n<p>Si vous avez demand\u00e9 que nous vous envoyions du mat\u00e9riel d&rsquo;int\u00e9r\u00eat, nous cesserons de le faire si vous en faites la demande.<\/p>\n\n<h2 class=\"wp-block-heading\">Conformit\u00e9 \u00e0 la Loi sur la Protection de la Vie Priv\u00e9e des Enfants en Ligne<\/h2>\n\n<p>We comply with the requirements of <strong>COPPA<\/strong> (Children\u2019s Online Privacy Protection Act), and we do not collect any information from anyone under 13 years of age. Notre site web, nos produits et nos services sont destin\u00e9s aux personnes \u00e2g\u00e9es d&rsquo;au moins 13 ans.<\/p>\n\n<h2 class=\"wp-block-heading\">Conformit\u00e9 \u00e0 la Loi de Californie sur la Protection de la Vie Priv\u00e9e en Ligne<\/h2>\n\n<p>Parce que nous valorisons votre vie priv\u00e9e, nous avons pris les pr\u00e9cautions n\u00e9cessaires pour nous conformer \u00e0 la Loi de Californie sur la Protection de la Vie Priv\u00e9e en Ligne. Nous ne diffuserons donc pas vos informations personnelles \u00e0 des tiers sans votre consentement.<\/p>\n\n<h2 class=\"wp-block-heading\">Informations de Contact<\/h2>\n\n<p>Si vous avez des questions ou des pr\u00e9occupations concernant la confidentialit\u00e9 et la s\u00e9curit\u00e9, ou le traitement de vos donn\u00e9es personnelles, ou si vous souhaitez faire une demande d&rsquo;acc\u00e8s \u00e0 vos informations, veuillez contacter le Responsable de la Protection des Donn\u00e9es de Team Building Morocco par \u00e9crit \u00e0 :<\/p>\n\n<h2 class=\"wp-block-heading\"><strong>Team Building Morocco<\/strong><\/h2>\n\n<p>Tanger : Avenue Abderrahmane El Youssfi Immeuble CBC, \u00c9tage 6, Bureau 31<\/p>\n\n<p>Marrakech : R\u00e9sidence La Carelle Atlas Immeuble H6 \u00c9tage 3 N\u00b021<\/p>\n\n<p>T\u00e9l\u00e9phone : +(212) 6 62 47 88 51 \/ +(212) 5 39 32 01 91 +(212) 6 62 47 88 51 \/ +(212) 5 39 32 01 91<\/p>\n\n<p>Courriel : info@tendenciaevents.com<\/p>\n\n<p>Nous nous r\u00e9servons le droit de modifier cette politique. Toute modification de cette politique sera publi\u00e9e.<br\/><br\/><br\/><br\/><br\/><\/p>\n","protected":false},"excerpt":{"rendered":"<p>Introduction Cette Politique de Confidentialit\u00e9 explique \u00e0 quoi s&rsquo;attendre lorsque Team Building Morocco, un partenaire de Catalyst, collecte des informations personnelles vous concernant en tant qu&rsquo;utilisateur sur ses sites web. Cette Politique de Confidentialit\u00e9 couvre le site web situ\u00e9 \u00e0 www.tendenciaevents.com (notre \u00ab\u00a0Site Marketing\u00a0\u00bb) et la plateforme sur laquelle nous organisons nos activit\u00e9s de team [&hellip;]<\/p>\n","protected":false},"author":1,"featured_media":0,"parent":0,"menu_order":0,"comment_status":"closed","ping_status":"open","template":"","meta":{"footnotes":""},"class_list":["post-14187","page","type-page","status-publish","hentry"],"yoast_head":"<!-- This site is optimized with the Yoast SEO plugin v25.6 - https:\/\/yoast.com\/wordpress\/plugins\/seo\/ -->\n<title>politique de confidentialit\u00e9 | Tendencia<\/title>\n<meta name=\"robots\" content=\"index, follow, max-snippet:-1, max-image-preview:large, max-video-preview:-1\" \/>\n<link rel=\"canonical\" href=\"https:\/\/tendenciaevents.com\/fr\/politique-de-confidentialite\/\" \/>\n<meta property=\"og:locale\" content=\"fr_FR\" \/>\n<meta property=\"og:type\" content=\"article\" \/>\n<meta property=\"og:title\" content=\"politique de confidentialit\u00e9 | Tendencia\" \/>\n<meta property=\"og:description\" content=\"Introduction Cette Politique de Confidentialit\u00e9 explique \u00e0 quoi s&rsquo;attendre lorsque Team Building Morocco, un partenaire de Catalyst, collecte des informations personnelles vous concernant en tant qu&rsquo;utilisateur sur ses sites web. Cette Politique de Confidentialit\u00e9 couvre le site web situ\u00e9 \u00e0 www.tendenciaevents.com (notre \u00ab\u00a0Site Marketing\u00a0\u00bb) et la plateforme sur laquelle nous organisons nos activit\u00e9s de team [&hellip;]\" \/>\n<meta property=\"og:url\" content=\"https:\/\/tendenciaevents.com\/fr\/politique-de-confidentialite\/\" \/>\n<meta property=\"og:site_name\" content=\"Tendencia\" \/>\n<meta property=\"article:modified_time\" content=\"2024-08-19T13:42:10+00:00\" \/>\n<meta property=\"og:image\" content=\"https:\/\/tendenciaevents.com\/wp-content\/uploads\/2025\/08\/logo-website-tendencia.png\" \/>\n\t<meta property=\"og:image:width\" content=\"1200\" \/>\n\t<meta property=\"og:image:height\" content=\"675\" \/>\n\t<meta property=\"og:image:type\" content=\"image\/png\" \/>\n<meta name=\"twitter:card\" content=\"summary_large_image\" \/>\n<meta name=\"twitter:label1\" content=\"Dur\u00e9e de lecture estim\u00e9e\" \/>\n\t<meta name=\"twitter:data1\" content=\"7 minutes\" \/>\n<script type=\"application\/ld+json\" class=\"yoast-schema-graph\">{\"@context\":\"https:\/\/schema.org\",\"@graph\":[{\"@type\":\"WebPage\",\"@id\":\"https:\/\/tendenciaevents.com\/fr\/politique-de-confidentialite\/\",\"url\":\"https:\/\/tendenciaevents.com\/fr\/politique-de-confidentialite\/\",\"name\":\"politique de confidentialit\u00e9 | Tendencia\",\"isPartOf\":{\"@id\":\"https:\/\/tendenciaevents.com\/#website\"},\"datePublished\":\"2024-05-05T23:46:41+00:00\",\"dateModified\":\"2024-08-19T13:42:10+00:00\",\"breadcrumb\":{\"@id\":\"https:\/\/tendenciaevents.com\/fr\/politique-de-confidentialite\/#breadcrumb\"},\"inLanguage\":\"fr-FR\",\"potentialAction\":[{\"@type\":\"ReadAction\",\"target\":[\"https:\/\/tendenciaevents.com\/fr\/politique-de-confidentialite\/\"]}]},{\"@type\":\"BreadcrumbList\",\"@id\":\"https:\/\/tendenciaevents.com\/fr\/politique-de-confidentialite\/#breadcrumb\",\"itemListElement\":[{\"@type\":\"ListItem\",\"position\":1,\"name\":\"Home\",\"item\":\"https:\/\/tendenciaevents.com\/fr\/\"},{\"@type\":\"ListItem\",\"position\":2,\"name\":\"politique de confidentialit\u00e9\"}]},{\"@type\":\"WebSite\",\"@id\":\"https:\/\/tendenciaevents.com\/#website\",\"url\":\"https:\/\/tendenciaevents.com\/\",\"name\":\"Tendencia Events & Travel\",\"description\":\"Events &amp; Travel\",\"publisher\":{\"@id\":\"https:\/\/tendenciaevents.com\/#organization\"},\"alternateName\":\"Tendencia\",\"potentialAction\":[{\"@type\":\"SearchAction\",\"target\":{\"@type\":\"EntryPoint\",\"urlTemplate\":\"https:\/\/tendenciaevents.com\/?s={search_term_string}\"},\"query-input\":{\"@type\":\"PropertyValueSpecification\",\"valueRequired\":true,\"valueName\":\"search_term_string\"}}],\"inLanguage\":\"fr-FR\"},{\"@type\":\"Organization\",\"@id\":\"https:\/\/tendenciaevents.com\/#organization\",\"name\":\"Tendencia Events & Travel\",\"url\":\"https:\/\/tendenciaevents.com\/\",\"logo\":{\"@type\":\"ImageObject\",\"inLanguage\":\"fr-FR\",\"@id\":\"https:\/\/tendenciaevents.com\/#\/schema\/logo\/image\/\",\"url\":\"https:\/\/tendenciaevents.com\/wp-content\/uploads\/2019\/06\/logott-1.jpg\",\"contentUrl\":\"https:\/\/tendenciaevents.com\/wp-content\/uploads\/2019\/06\/logott-1.jpg\",\"width\":438,\"height\":215,\"caption\":\"Tendencia Events & Travel\"},\"image\":{\"@id\":\"https:\/\/tendenciaevents.com\/#\/schema\/logo\/image\/\"},\"sameAs\":[\"https:\/\/www.linkedin.com\/in\/nabih-kabbaj\/\",\"https:\/\/www.tiktok.com\/@teambuildingmorocco?_t=8mmm9g9xd6z&_r=1\",\"https:\/\/www.instagram.com\/teambuildingmorocco\/\",\"https:\/\/www.youtube.com\/@tendenciaeventstravel2270\"]}]}<\/script>\n<!-- \/ Yoast SEO plugin. -->","yoast_head_json":{"title":"politique de confidentialit\u00e9 | Tendencia","robots":{"index":"index","follow":"follow","max-snippet":"max-snippet:-1","max-image-preview":"max-image-preview:large","max-video-preview":"max-video-preview:-1"},"canonical":"https:\/\/tendenciaevents.com\/fr\/politique-de-confidentialite\/","og_locale":"fr_FR","og_type":"article","og_title":"politique de confidentialit\u00e9 | Tendencia","og_description":"Introduction Cette Politique de Confidentialit\u00e9 explique \u00e0 quoi s&rsquo;attendre lorsque Team Building Morocco, un partenaire de Catalyst, collecte des informations personnelles vous concernant en tant qu&rsquo;utilisateur sur ses sites web. Cette Politique de Confidentialit\u00e9 couvre le site web situ\u00e9 \u00e0 www.tendenciaevents.com (notre \u00ab\u00a0Site Marketing\u00a0\u00bb) et la plateforme sur laquelle nous organisons nos activit\u00e9s de team [&hellip;]","og_url":"https:\/\/tendenciaevents.com\/fr\/politique-de-confidentialite\/","og_site_name":"Tendencia","article_modified_time":"2024-08-19T13:42:10+00:00","og_image":[{"width":1200,"height":675,"url":"https:\/\/tendenciaevents.com\/wp-content\/uploads\/2025\/08\/logo-website-tendencia.png","type":"image\/png"}],"twitter_card":"summary_large_image","twitter_misc":{"Dur\u00e9e de lecture estim\u00e9e":"7 minutes"},"schema":{"@context":"https:\/\/schema.org","@graph":[{"@type":"WebPage","@id":"https:\/\/tendenciaevents.com\/fr\/politique-de-confidentialite\/","url":"https:\/\/tendenciaevents.com\/fr\/politique-de-confidentialite\/","name":"politique de confidentialit\u00e9 | Tendencia","isPartOf":{"@id":"https:\/\/tendenciaevents.com\/#website"},"datePublished":"2024-05-05T23:46:41+00:00","dateModified":"2024-08-19T13:42:10+00:00","breadcrumb":{"@id":"https:\/\/tendenciaevents.com\/fr\/politique-de-confidentialite\/#breadcrumb"},"inLanguage":"fr-FR","potentialAction":[{"@type":"ReadAction","target":["https:\/\/tendenciaevents.com\/fr\/politique-de-confidentialite\/"]}]},{"@type":"BreadcrumbList","@id":"https:\/\/tendenciaevents.com\/fr\/politique-de-confidentialite\/#breadcrumb","itemListElement":[{"@type":"ListItem","position":1,"name":"Home","item":"https:\/\/tendenciaevents.com\/fr\/"},{"@type":"ListItem","position":2,"name":"politique de confidentialit\u00e9"}]},{"@type":"WebSite","@id":"https:\/\/tendenciaevents.com\/#website","url":"https:\/\/tendenciaevents.com\/","name":"Tendencia Events & Travel","description":"Events &amp; Travel","publisher":{"@id":"https:\/\/tendenciaevents.com\/#organization"},"alternateName":"Tendencia","potentialAction":[{"@type":"SearchAction","target":{"@type":"EntryPoint","urlTemplate":"https:\/\/tendenciaevents.com\/?s={search_term_string}"},"query-input":{"@type":"PropertyValueSpecification","valueRequired":true,"valueName":"search_term_string"}}],"inLanguage":"fr-FR"},{"@type":"Organization","@id":"https:\/\/tendenciaevents.com\/#organization","name":"Tendencia Events & Travel","url":"https:\/\/tendenciaevents.com\/","logo":{"@type":"ImageObject","inLanguage":"fr-FR","@id":"https:\/\/tendenciaevents.com\/#\/schema\/logo\/image\/","url":"https:\/\/tendenciaevents.com\/wp-content\/uploads\/2019\/06\/logott-1.jpg","contentUrl":"https:\/\/tendenciaevents.com\/wp-content\/uploads\/2019\/06\/logott-1.jpg","width":438,"height":215,"caption":"Tendencia Events & Travel"},"image":{"@id":"https:\/\/tendenciaevents.com\/#\/schema\/logo\/image\/"},"sameAs":["https:\/\/www.linkedin.com\/in\/nabih-kabbaj\/","https:\/\/www.tiktok.com\/@teambuildingmorocco?_t=8mmm9g9xd6z&_r=1","https:\/\/www.instagram.com\/teambuildingmorocco\/","https:\/\/www.youtube.com\/@tendenciaeventstravel2270"]}]}},"_links":{"self":[{"href":"https:\/\/tendenciaevents.com\/fr\/wp-json\/wp\/v2\/pages\/14187"}],"collection":[{"href":"https:\/\/tendenciaevents.com\/fr\/wp-json\/wp\/v2\/pages"}],"about":[{"href":"https:\/\/tendenciaevents.com\/fr\/wp-json\/wp\/v2\/types\/page"}],"author":[{"embeddable":true,"href":"https:\/\/tendenciaevents.com\/fr\/wp-json\/wp\/v2\/users\/1"}],"replies":[{"embeddable":true,"href":"https:\/\/tendenciaevents.com\/fr\/wp-json\/wp\/v2\/comments?post=14187"}],"version-history":[{"count":6,"href":"https:\/\/tendenciaevents.com\/fr\/wp-json\/wp\/v2\/pages\/14187\/revisions"}],"predecessor-version":[{"id":14194,"href":"https:\/\/tendenciaevents.com\/fr\/wp-json\/wp\/v2\/pages\/14187\/revisions\/14194"}],"wp:attachment":[{"href":"https:\/\/tendenciaevents.com\/fr\/wp-json\/wp\/v2\/media?parent=14187"}],"curies":[{"name":"wp","href":"https:\/\/api.w.org\/{rel}","templated":true}]}}